{"id":48,"date":"2024-07-26T13:53:51","date_gmt":"2024-07-26T11:53:51","guid":{"rendered":"http:\/\/remisesenargentina.com\/farmacia\/?post_type=product&#038;p=48"},"modified":"2024-07-26T13:53:51","modified_gmt":"2024-07-26T11:53:51","slug":"diamin","status":"publish","type":"product","link":"http:\/\/remisesenargentina.com\/farmacia\/diamin","title":{"rendered":"Diamin"},"content":{"rendered":"<table>\n<tbody>\n<tr>\n<td>Sitio web<\/td>\n<td>Diamin.es<\/td>\n<\/tr>\n<tr>\n<td>Acci\u00f3n<\/td>\n<td>\u2714 Aumenta la sensibilidad a la insulina;<br \/>\n\u2714 Ayuda a regular los niveles de az\u00facar en sangre;<br \/>\n\u2714 Prevenir la diabetes y la hipoglucemia.<\/td>\n<\/tr>\n<tr>\n<td>Componentes<\/td>\n<td>S\u00f3lo composici\u00f3n natural con propiedades espec\u00edficas.<\/td>\n<\/tr>\n<tr>\n<td>Instrucciones de uso<\/td>\n<td>Se recomienda tomar el complemento tres veces al d\u00eda antes del desayuno, almuerzo y cena con un gran vaso de agua. Para obtener mejores resultados, se recomienda tomarlo de forma constante durante al menos tres meses.<\/td>\n<\/tr>\n<tr>\n<td>Volumen<\/td>\n<td>10 c\u00e1psulas<\/td>\n<\/tr>\n<tr>\n<td>Precio<\/td>\n<td>\ud83d\uded1 840 MXN<\/td>\n<\/tr>\n<tr>\n<td>Entrega<\/td>\n<td>2-3 d\u00edas<\/td>\n<\/tr>\n<\/tbody>\n<\/table>\n<h2><b>Las c\u00e1psulas Diamin pueden ayudar a vencer la diabetes en el menor tiempo posible<\/b><\/h2>\n<p><img loading=\"lazy\" decoding=\"async\" class=\"aligncenter size-full wp-image-24\" src=\"http:\/\/remisesenargentina.com\/farmacia\/wp-content\/uploads\/2024\/07\/Diamin-4.jpg\" alt=\"Diamin precio farmacia del ahorro\" width=\"500\" height=\"349\" srcset=\"https:\/\/remisesenargentina.com\/farmacia\/wp-content\/uploads\/2024\/07\/Diamin-4.jpg 500w, https:\/\/remisesenargentina.com\/farmacia\/wp-content\/uploads\/2024\/07\/Diamin-4-300x209.jpg 300w\" sizes=\"(max-width: 500px) 100vw, 500px\" \/><\/p>\n<p>La diabetes es una enfermedad grave y potencialmente mortal causada por un desequilibrio de los niveles de glucosa en el cuerpo que, si no se trata, puede provocar una variedad de problemas de salud. La diabetes afecta la forma en que el cuerpo utiliza los alimentos para obtener energ\u00eda y puede provocar una serie de complicaciones graves, como p\u00e9rdida de la visi\u00f3n, derrames cerebrales, da\u00f1o renal y enfermedades card\u00edacas. Es importante ser consciente de los riesgos asociados con la diabetes y tomar las medidas necesarias para prevenirla o controlarla.<\/p>\n<h2><b>Aumento del estr\u00e9s en la diabetes<\/b><\/h2>\n<p>Tener diabetes suele ser estresante debido a las exigencias diarias que impone a quienes la padecen. Las personas con diabetes deben seguir pautas con regularidad, como controlar peri\u00f3dicamente su nivel de az\u00facar en la sangre, vigilar su dieta y hacer suficiente ejercicio en su vida diaria. Muchas personas con diabetes sufren porque su vida diaria est\u00e1 dictada por la enfermedad. Adem\u00e1s, existe el temor a enfermedades secundarias. Las exigencias constantes pueden convertirse en una carga emocional constante y, por tanto, provocar un estr\u00e9s constante. En los c\u00edrculos profesionales esto se llama \u00abangustia diab\u00e9tica\u00bb.<\/p>\n<p>En caso de estr\u00e9s constante, el cuerpo tambi\u00e9n produce m\u00e1s hormona cortisol. El cortisol, a su vez, aumenta los niveles de az\u00facar en sangre para proporcionar r\u00e1pidamente energ\u00eda al cuerpo cuando la necesita. Adem\u00e1s, los niveles elevados de estr\u00e9s estimulan la liberaci\u00f3n de la hormona del apetito, grelina. Esta hormona del apetito promueve los antojos de dulces y alimentos ricos en carbohidratos y, por lo tanto, la probabilidad de mayores aumentos en los niveles de az\u00facar en sangre debido al aumento de la ingesta de alimentos.<\/p>\n<p>Varios estudios han demostrado que la angustia por la diabetes a menudo conduce a una menor atenci\u00f3n de una persona a su diabetes. Tarde o temprano esto tambi\u00e9n influye en el \u00e9xito del tratamiento. La diabetes avanza, el control metab\u00f3lico se deteriora y aumenta el riesgo de complicaciones a largo plazo de la enfermedad.<\/p>\n<p>La buena noticia es que existen varias t\u00e9cnicas e intervenciones para reducir la angustia que puede aprender. Por ejemplo, actividad f\u00edsica regular. Es importante buscar ayuda y poder aceptarla. Por ejemplo, las estrategias para afrontar el estr\u00e9s pueden resultar de gran ayuda.<\/p>\n<h2><b>\u00bfQui\u00e9n se beneficiar\u00e1 al tomar el medicamento Diamin?<\/b><\/h2>\n<p><img loading=\"lazy\" decoding=\"async\" class=\"aligncenter size-full wp-image-25\" src=\"http:\/\/remisesenargentina.com\/farmacia\/wp-content\/uploads\/2024\/07\/Diamin-5.jpg\" alt=\"Diamin precio farmacia similares\" width=\"500\" height=\"333\" srcset=\"https:\/\/remisesenargentina.com\/farmacia\/wp-content\/uploads\/2024\/07\/Diamin-5.jpg 500w, https:\/\/remisesenargentina.com\/farmacia\/wp-content\/uploads\/2024\/07\/Diamin-5-300x200.jpg 300w\" sizes=\"(max-width: 500px) 100vw, 500px\" \/><\/p>\n<p>Diamin es un suplemento natural dise\u00f1ado para ayudar a las personas con diabetes a controlar su condici\u00f3n. Est\u00e1 destinado a funcionar junto con la terapia con medicamentos recetados para ayudar a controlar los niveles de glucosa en sangre. Para que sirve Diamin ayuda a reducir la cantidad de glucosa en la sangre, previniendo as\u00ed da\u00f1os a \u00f3rganos vitales. Tambi\u00e9n ayuda a reducir el riesgo de complicaciones relacionadas con la diabetes, como da\u00f1o renal, retinopat\u00eda y neuropat\u00eda. Adem\u00e1s, Diamin ayuda a reducir los niveles de resistencia a la insulina, lo que puede provocar niveles elevados de az\u00facar en sangre.<\/p>\n<p>Diamin es una forma eficaz y natural de regular los niveles de glucosa y reducir el riesgo de complicaciones asociadas a la diabetes. Es un suplemento seguro y eficaz que se puede tomar junto con medicamentos y cambios en el estilo de vida para ayudar a las personas con diabetes a controlar su afecci\u00f3n. Para quienes corren riesgo de desarrollar diabetes, Diamin tambi\u00e9n se puede utilizar como medida preventiva para ayudar a reducir el riesgo de desarrollar esta grave enfermedad.<\/p>\n<h2><b>Funciones realizadas por c\u00e1psulas Diamin<\/b><\/h2>\n<p>Diamin es un suplemento totalmente natural que puede ayudar a combatir la diabetes, una enfermedad cada vez m\u00e1s com\u00fan y peligrosa. Tomar Diamin puede ayudar a reducir el nivel de az\u00facar en sangre y prevenir el da\u00f1o a largo plazo causado por esta afecci\u00f3n. Diamin est\u00e1 disponible en una c\u00f3moda forma de c\u00e1psula que contiene \u00fanicamente ingredientes de origen natural. Diamin es un complemento alimenticio a base de hierbas naturales que contiene ingredientes como fenogreco, mel\u00f3n amargo y gimnema silvestre. Estos ingredientes naturales se han utilizado durante siglos para mantener niveles saludables de az\u00facar en sangre.<\/p>\n<p>Adem\u00e1s, Diamin contiene antioxidantes que pueden ayudar a proteger el cuerpo de los efectos nocivos de los radicales libres. Cuando se toma seg\u00fan las indicaciones, Diamin puede ayudar a reducir los niveles de az\u00facar en sangre y proporcionar importantes beneficios para la salud. Puede ayudar a mejorar la sensibilidad a la insulina, reducir los factores de riesgo de complicaciones relacionadas con la diabetes e incluso ayudar a prevenir la p\u00e9rdida de la visi\u00f3n relacionada con la diabetes. Adem\u00e1s, Diamin puede ayudar a reducir el riesgo de enfermedades card\u00edacas, accidentes cerebrovasculares y otras complicaciones relacionadas con la diabetes.<\/p>\n<h2><b>Ingredientes principales incluidos en cada c\u00e1psula Diamin<\/b><\/h2>\n<p><img loading=\"lazy\" decoding=\"async\" class=\"aligncenter size-full wp-image-23\" src=\"http:\/\/remisesenargentina.com\/farmacia\/wp-content\/uploads\/2024\/07\/Diamin-3.jpg\" alt=\"Diamin donde comprar\" width=\"500\" height=\"342\" srcset=\"https:\/\/remisesenargentina.com\/farmacia\/wp-content\/uploads\/2024\/07\/Diamin-3.jpg 500w, https:\/\/remisesenargentina.com\/farmacia\/wp-content\/uploads\/2024\/07\/Diamin-3-300x205.jpg 300w\" sizes=\"(max-width: 500px) 100vw, 500px\" \/><\/p>\n<p>Seg\u00fan el fabricante, para lograr buenos resultados en la lucha contra la diabetes no es necesario utilizar productos qu\u00edmicos fuertes, sino s\u00f3lo una composici\u00f3n natural con propiedades espec\u00edficas. Son estas composiciones las que se encuentran en c\u00e1psulas Diamin resultados reales. Reducen los niveles de az\u00facar en sangre, reducen la absorci\u00f3n de carbohidratos en el intestino y protegen contra la hiperglucemia. em\u00eda. Adem\u00e1s, los ingredientes de las c\u00e1psulas estimulan el metabolismo, favoreciendo la p\u00e9rdida de peso. Tambi\u00e9n son muy eficaces en el tratamiento de la diabetes y la resistencia a la insulina, mejora la funci\u00f3n pancre\u00e1tica, no se producen picos de az\u00facar ni hiperglucemia y los vasos sangu\u00edneos est\u00e1n mejor protegidos contra da\u00f1os y la formaci\u00f3n de co\u00e1gulos sangu\u00edneos peligrosos.<\/p>\n<h2><b>Beneficios y eficacia de los medicamentos para la diabetes Diamin es bueno o malo<\/b><\/h2>\n<p>Suplemento Diamin es un complemento nutricional que ofrece una amplia gama de beneficios para la salud del organismo. Se sabe que el Diamin mejora la sensibilidad a la insulina, lo que ayuda a regular los niveles de az\u00facar en sangre, previniendo la diabetes y la hipoglucemia. Tambi\u00e9n ayuda a normalizar el metabolismo al reducir los dep\u00f3sitos de colesterol en los vasos sangu\u00edneos, lo que puede provocar problemas cardiovasculares.<\/p>\n<p>Adem\u00e1s, el Diamin suministra energ\u00eda al cuerpo, proporcionando combustible para la actividad f\u00edsica y mental. Tambi\u00e9n ayuda a regular el sistema inmunol\u00f3gico, promoviendo la salud general. El Diamin tambi\u00e9n puede mejorar la condici\u00f3n de la piel al reducir las arrugas, las manchas de la edad y la decoloraci\u00f3n. Adem\u00e1s, el Diamin puede ayudar a regular el metabolismo, ayudando a reducir el peso y a mantener un peso saludable. Tambi\u00e9n ayuda a normalizar el estado psicoemocional, reduciendo la ansiedad y la depresi\u00f3n. Cuando se toma regularmente, el suplemento Diamin puede ayudar a mantener el equilibrio de su cuerpo y mejorar su salud general.<\/p>\n<h2><b>Instrucciones para un uso correcto Diamin y como se aplica<\/b><\/h2>\n<p>El suplemento Diamin 100% natural puede ser una forma eficaz de mejorar tu salud y bienestar, pero s\u00f3lo si se toma correctamente. Es importante seguir las instrucciones del paquete y no hacerlo usted mismo. Se recomienda tomar el complemento tres veces al d\u00eda antes del desayuno, almuerzo y cena con un gran vaso de agua. Para obtener mejores resultados, se recomienda como se usa el Diamin de manera constante durante al menos tres meses y, una vez finalizado el tratamiento, puede comenzar el segundo ciclo. Tambi\u00e9n es importante recordar que no se debe exceder la dosis recomendada.<\/p>\n<p>Para obtener m\u00e1s informaci\u00f3n sobre esto y asegurarse de que Diamin sea adecuado para usted, es importante leer atentamente las instrucciones del paquete. Esto le permitir\u00e1 tomar el suplemento correctamente y lograr los resultados deseados. Diamin es un suplemento natural pero no debe tomarse sin consultar primero a un m\u00e9dico.<\/p>\n<h2><b>Efectos secundarios y contraindicaciones<\/b><\/h2>\n<p><img loading=\"lazy\" decoding=\"async\" class=\"aligncenter size-full wp-image-21\" src=\"http:\/\/remisesenargentina.com\/farmacia\/wp-content\/uploads\/2024\/07\/Diamin-1.jpg\" alt=\"Diamin opiniones\" width=\"500\" height=\"299\" srcset=\"https:\/\/remisesenargentina.com\/farmacia\/wp-content\/uploads\/2024\/07\/Diamin-1.jpg 500w, https:\/\/remisesenargentina.com\/farmacia\/wp-content\/uploads\/2024\/07\/Diamin-1-300x179.jpg 300w\" sizes=\"(max-width: 500px) 100vw, 500px\" \/><\/p>\n<p>Diamin es un producto seguro y natural elaborado con ingredientes naturales y no contiene productos qu\u00edmicos agresivos ni ingredientes t\u00f3xicos que puedan ser perjudiciales para la salud. Tomar este remedio Diamin no provocar\u00e1 efectos secundarios ni contraindicaciones no deseadas, pero ayudar\u00e1 a regular los niveles de az\u00facar en el cuerpo y normalizar la producci\u00f3n de insulina.<\/p>\n<p>Adem\u00e1s, las c\u00e1psulas no causan ning\u00fan da\u00f1o al h\u00edgado ni al sistema cardiovascular, sin embargo, es posible que se produzca una reacci\u00f3n al\u00e9rgica en personas al\u00e9rgicas a cualquiera de los componentes de la planta. Adem\u00e1s, Diamin confiable ayuda a reducir el riesgo de desarrollar diabetes tipo 2, as\u00ed como otras enfermedades metab\u00f3licas. El consumo regular puede ayudar a mantener niveles saludables de az\u00facar en sangre y reducir el riesgo de desarrollar enfermedades graves.<\/p>\n<h2><b>\u00bfQu\u00e9 opini\u00f3n tienen los consumidores de las c\u00e1psulas Diamin?<\/b><\/h2>\n<p>Diamin, complemento 100% natural, muy popular tanto entre consumidores como entre expertos. De hecho, son estos \u00faltimos quienes lo recomiendan a los pacientes. Diamin farmacia del ahorro tiene muchas cr\u00edticas y opiniones positivas en foros en l\u00ednea. Reputados endocrin\u00f3logos afirman que el glucosanol estimula la producci\u00f3n de insulina, restaura el p\u00e1ncreas y reemplaza las c\u00e9lulas da\u00f1adas.<\/p>\n<p>Un consumo suficiente de Diamin reduce la presi\u00f3n arterial y elimina las placas de colesterol que se acumulan en las paredes. vasos sangu\u00edneos y ayuda a reducir el peso corporal, reduciendo el riesgo de obesidad, un importante factor de riesgo para la diabetes.<\/p>\n<p>As\u00ed, los usuarios pueden considerarse bastante satisfechos con estos principios. Diamin donde lo puedo conseguir est\u00e1 a la altura de sus suposiciones. Durante tres meses, se observ\u00f3 p\u00e9rdida de peso y menos fluctuaciones gluc\u00e9micas. Adem\u00e1s de regular el metabolismo y garantizar una absorci\u00f3n \u00f3ptima de nutrientes, la glucosa tambi\u00e9n proporciona energ\u00eda a los usuarios.<\/p>\n<h2><b>Opiniones de clientes de c\u00e1psulas Diamin<\/b><\/h2>\n<p>&nbsp;<\/p>\n<blockquote><p><b>Yaritza<\/b><\/p>\n<p>No puedo vivir sin dulces, por lo que el diagn\u00f3stico de diabetes no fue una novedad para m\u00ed, pero las consecuencias fueron aterradoras. Tampoco quer\u00eda tomar quimioterapia de por vida, pero parec\u00eda que no hab\u00eda otra opci\u00f3n. Habiendo aprendido de las revisiones sobre donde comprar Diamin para la diabetes, decid\u00ed experimentar con este medicamento, porque solo contiene beneficios y el tratamiento requiere solo un mes de tomar el medicamento. Segu\u00ed estrictamente las instrucciones al tomar estas c\u00e1psulas y con este enfoque realmente me ayudaron. El az\u00facar se estabiliz\u00f3 despu\u00e9s de 2 semanas y mi salud tambi\u00e9n mejor\u00f3. Lo bueno es que el efecto de este complejo es realmente prolongado. Hace seis meses que no tomo ning\u00fan medicamento y no tengo diabetes. Estoy muy contento de haber encontrado un medicamento as\u00ed.<\/p><\/blockquote>\n<p>&nbsp;<\/p>\n<blockquote><p><b>Paulina<\/b><\/p>\n<p>He vivido con diabetes durante m\u00e1s de 7 a\u00f1os y no pens\u00e9 que alguna vez podr\u00eda deshacerme de la necesidad de tomar c\u00e1psulas a diario, pero conoc\u00ed las c\u00e1psulas Diamin precio farmacia del ahorro. Las opiniones de los clientes que le\u00ed en Internet fueron positivas, as\u00ed que decid\u00ed experimentar. Me tom\u00e9 medidas todos los d\u00edas con un gluc\u00f3metro y me sorprend\u00ed porque mi nivel de az\u00facar no solo dej\u00f3 de saltar, sino que tambi\u00e9n empez\u00f3 a disminuir. \u00a1Durante un mes de tomar c\u00e1psulas, mi resultado es 6.0! \u00a1Estoy muy impresionado con el efecto de este medicamento y lo recomiendo a todos los diab\u00e9ticos!<\/p><\/blockquote>\n<p>&nbsp;<\/p>\n<blockquote><p><b>Eliot<\/b><\/p>\n<p>Ten\u00eda una de las formas m\u00e1s peligrosas de diabetes, que no auguraba nada bueno. Beb\u00ed una gran cantidad de c\u00e1psulas, empezaron problemas con el h\u00edgado y los intestinos y perd\u00ed mucho peso. Mi esposa ley\u00f3 buenas cr\u00edticas de clientes sobre walmart Diamin en Internet y muchos escribieron que con su ayuda pod\u00edan curar la diabetes. Lo que estaba escrito parec\u00eda inveros\u00edmil, pero \u00bfpor qu\u00e9 no intentarlo? El coste de estas c\u00e1psulas es asequible, pero el efecto es realmente excelente. Los tom\u00e9 seg\u00fan las instrucciones y en 1 mes mi nivel de az\u00facar en sangre baj\u00f3 de un nivel cr\u00edtico a normal. Tambi\u00e9n comenc\u00e9 a sentirme mucho mejor, incluso sub\u00ed de peso. Al quedarme sin tomar medicaci\u00f3n, ten\u00eda miedo de que la enfermedad volviera a aparecer, pero ya hace 3 meses que desapareci\u00f3. Estoy muy contento, agradezco al fabricante.<\/p><\/blockquote>\n<h2><b>\u00bfD\u00f3nde comprar el medicamento Diamin a precio reducido?<\/b><\/h2>\n<p><img loading=\"lazy\" decoding=\"async\" class=\"aligncenter size-full wp-image-22\" src=\"http:\/\/remisesenargentina.com\/farmacia\/wp-content\/uploads\/2024\/07\/Diamin-2.jpg\" alt=\"Diamin donde lo puedo conseguir\" width=\"500\" height=\"444\" srcset=\"https:\/\/remisesenargentina.com\/farmacia\/wp-content\/uploads\/2024\/07\/Diamin-2.jpg 500w, https:\/\/remisesenargentina.com\/farmacia\/wp-content\/uploads\/2024\/07\/Diamin-2-300x266.jpg 300w\" sizes=\"(max-width: 500px) 100vw, 500px\" \/><\/p>\n<p>Diamin es un complemento alimenticio completamente natural, disponible \u00fanicamente directamente en el sitio web del fabricante. No est\u00e1 disponible en ninguna tienda f\u00edsica como farmacias, tiendas para farmac\u00e9uticas, herborister\u00edas o incluso sitios populares de comercio electr\u00f3nico. Para donde lo venden Diamin, visite el sitio web oficial del fabricante y complete el formulario de contacto.<\/p>\n<p>Este formulario requiere informaci\u00f3n b\u00e1sica sobre el comprador, incluido su nombre, direcci\u00f3n, direcci\u00f3n de correo electr\u00f3nico y n\u00famero de tel\u00e9fono. Despu\u00e9s de completar el formulario, la persona deber\u00e1 firmar una solicitud de contacto para completar el pedido. Despu\u00e9s de firmar una solicitud de contacto, el fabricante se comunicar\u00e1 con la persona para confirmar el pedido y brindarle instrucciones para realizar la compra. Diamin s\u00f3lo est\u00e1 disponible directamente del fabricante, por lo que los interesados \u200b\u200bdeber\u00e1n seguir los pasos descritos anteriormente para adquirir el producto.<\/p>\n<h2><b>\u00bfCu\u00e1nto cuesta Diamin de todos modos?<\/b><\/h2>\n<p>Diamin ya est\u00e1 disponible a un excelente precio farmacia similares. De momento puedes comprarlo por un 50% m\u00e1s barato. Si realiza un pedido hoy, puede esperar que su art\u00edculo llegue dentro de unos d\u00edas. Adem\u00e1s, no tendr\u00e1s que preocuparte por los gastos de env\u00edo ya que ya est\u00e1n cubiertos. Ya s\u00f3lo queda pagar al momento de la entrega. Aceptamos pago contra reembolso, por lo que puede estar seguro de que su compra es segura y sin complicaciones.<\/p>\n","protected":false},"excerpt":{"rendered":"<p>Diamin es un suplemento natural dise\u00f1ado para ayudar a las personas con diabetes a controlar su condici\u00f3n. Est\u00e1 destinado a funcionar junto con la terapia con medicamentos recetados para ayudar a controlar los niveles de glucosa en sangre.<\/p>\n","protected":false},"featured_media":20,"comment_status":"open","ping_status":"closed","template":"","meta":[],"product_cat":[15],"product_tag":[],"_links":{"self":[{"href":"https:\/\/remisesenargentina.com\/farmacia\/index.php?rest_route=\/wp\/v2\/product\/48"}],"collection":[{"href":"https:\/\/remisesenargentina.com\/farmacia\/index.php?rest_route=\/wp\/v2\/product"}],"about":[{"href":"https:\/\/remisesenargentina.com\/farmacia\/index.php?rest_route=\/wp\/v2\/types\/product"}],"replies":[{"embeddable":true,"href":"https:\/\/remisesenargentina.com\/farmacia\/index.php?rest_route=%2Fwp%2Fv2%2Fcomments&post=48"}],"wp:featuredmedia":[{"embeddable":true,"href":"https:\/\/remisesenargentina.com\/farmacia\/index.php?rest_route=\/wp\/v2\/media\/20"}],"wp:attachment":[{"href":"https:\/\/remisesenargentina.com\/farmacia\/index.php?rest_route=%2Fwp%2Fv2%2Fmedia&parent=48"}],"wp:term":[{"taxonomy":"product_cat","embeddable":true,"href":"https:\/\/remisesenargentina.com\/farmacia\/index.php?rest_route=%2Fwp%2Fv2%2Fproduct_cat&post=48"},{"taxonomy":"product_tag","embeddable":true,"href":"https:\/\/remisesenargentina.com\/farmacia\/index.php?rest_route=%2Fwp%2Fv2%2Fproduct_tag&post=48"}],"curies":[{"name":"wp","href":"https:\/\/api.w.org\/{rel}","templated":true}]}}