{"id":46,"date":"2024-07-26T13:52:22","date_gmt":"2024-07-26T11:52:22","guid":{"rendered":"http:\/\/remisesenargentina.com\/farmacia\/?post_type=product&#038;p=46"},"modified":"2024-07-26T13:52:22","modified_gmt":"2024-07-26T11:52:22","slug":"hardex","status":"publish","type":"product","link":"http:\/\/remisesenargentina.com\/farmacia\/hardex","title":{"rendered":"Hardex"},"content":{"rendered":"<table>\n<tbody>\n<tr>\n<td>Sitio web<\/td>\n<td>Hardex.es<\/td>\n<\/tr>\n<tr>\n<td>Acci\u00f3n<\/td>\n<td>\u2714 Efecto positivo sobre los niveles de libido;<br \/>\n\u2714 Preferencia por la duraci\u00f3n y el placer mutuo durante el acto de intimidad;<br \/>\n\u2714 El deseo de varias experiencias apasionadas consecutivas sin datos sobre contraindicaciones secundarias.<\/td>\n<\/tr>\n<tr>\n<td>Componentes<\/td>\n<td>\u2714 L-arginina;<br \/>\n\u2714 Una combinaci\u00f3n de L-arginina e ingredientes vegetales naturales.<\/td>\n<\/tr>\n<tr>\n<td>Instrucciones de uso<\/td>\n<td>\u2714 El gel debe aplicarse hasta 2 veces al d\u00eda aproximadamente 20 a 30 minutos antes de las relaciones sexuales o la masturbaci\u00f3n.<br \/>\n\u2714 Se aplica un poco de gel en la palma.<br \/>\n\u2714 Utilice movimientos circulares de masaje, aplicando el gel en toda su longitud.<br \/>\n\u2714 Despu\u00e9s de la aplicaci\u00f3n, no es necesario lavar el gel.<\/td>\n<\/tr>\n<tr>\n<td>Volumen<\/td>\n<td>65 ml<\/td>\n<\/tr>\n<tr>\n<td>Precio<\/td>\n<td>\ud83d\uded1 890 MXN<\/td>\n<\/tr>\n<tr>\n<td>Entrega<\/td>\n<td>Aproximadamente 8 d\u00edas<\/td>\n<\/tr>\n<\/tbody>\n<\/table>\n<h2><b>Hardex \u2013 gel para agrandar el pene<\/b><\/h2>\n<p><img loading=\"lazy\" decoding=\"async\" class=\"aligncenter size-full wp-image-30\" src=\"http:\/\/remisesenargentina.com\/farmacia\/wp-content\/uploads\/2024\/07\/Hardex-4.jpg\" alt=\"Hardex es bueno o malo\" width=\"500\" height=\"364\" srcset=\"https:\/\/remisesenargentina.com\/farmacia\/wp-content\/uploads\/2024\/07\/Hardex-4.jpg 500w, https:\/\/remisesenargentina.com\/farmacia\/wp-content\/uploads\/2024\/07\/Hardex-4-300x218.jpg 300w\" sizes=\"(max-width: 500px) 100vw, 500px\" \/><\/p>\n<p>Hardex es un gel que tiene un efecto beneficioso sobre el nivel de la libido masculina. Est\u00e1 disponible en forma de gel para uso t\u00f3pico y contiene ingredientes naturales. Un ejemplo de algunos de ellos son la famosa L-arginina, la ra\u00edz de ginseng y la zarzaparrilla. Su objetivo es ejercer una buena influencia sobre los deseos y capacidades del sexo m\u00e1s fuerte de forma \u00edntima. Y esto deber\u00eda suceder facilitando el flujo sangu\u00edneo a la zona p\u00e9lvica. Gracias a esto, el tama\u00f1o del pene aumenta inevitable y permanentemente. Para que sirve Hardex tambi\u00e9n brinda a los hombres la oportunidad de recuperar la confianza en s\u00ed mismos. Esto ocurre al aumentar la probabilidad de que puedan experimentar placer mutuo con sus compa\u00f1eros.<\/p>\n<p>Los representantes de la empresa fabricante est\u00e1n satisfechos de que el producto est\u00e9 ganando cada vez m\u00e1s popularidad y cuente con la aprobaci\u00f3n de los clientes. No hay efectos secundarios desagradables ni contraindicaciones en las opiniones de los clientes. El producto para mantener un apetito y deseo sexual saludable se puede comprar online en el sitio web oficial de la empresa. No est\u00e1 disponible en las principales tiendas online. No est\u00e1 disponible en farmacias.<\/p>\n<p>Los consumidores que deseen adquirir un producto biocosm\u00e9tico rellenan un breve formulario. All\u00ed dejan su nombre y tel\u00e9fono actual para contactar con el distribuidor. El procedimiento es m\u00e1s que confidencial. El gel de libido en s\u00ed viene en una caja neutra que no deja entrever su contenido. No se requiere pago por adelantado: el pago se realiza contra reembolso. M\u00e1s detalles interesantes se dan a continuaci\u00f3n.<\/p>\n<h2><b>Baja libido en los hombres: \u00bfc\u00f3mo es posible?<\/b><\/h2>\n<p>El pene masculino es un \u00f3rgano asombroso. Una buena experiencia en la cama es importante para todas las personas. Es un elemento clave para el bienestar de muchas relaciones. Aunque en muchas sociedades los hombres son vistos como el sexo m\u00e1s fuerte que piensa m\u00e1s a menudo en el sexo, este no es el caso. Muchos tambi\u00e9n pueden tener baja libido o sufrir disfunci\u00f3n er\u00e9ctil o sexual.<\/p>\n<p>El m\u00e1s com\u00fan de ellos es la eyaculaci\u00f3n precoz. Este puede ser un problema bastante dif\u00edcil y complejo de resolver. La mayor\u00eda de las veces es causada por factores psicosociales o emocionales. Pero tambi\u00e9n puede estar relacionado con problemas de pr\u00f3stata. Tome medidas preventivas con regularidad, como comer alimentos saludables para la pr\u00f3stata.<\/p>\n<p>Otras causas m\u00e1s populares de disfunci\u00f3n er\u00e9ctil pueden incluir las siguientes:<\/p>\n<ol>\n<li aria-level=\"1\"><b>Estr\u00e9s y ansiedad.<\/b> Un estilo de vida agitado y el estr\u00e9s provocan una disminuci\u00f3n del deseo sexual. Despu\u00e9s de un d\u00eda largo y estresante, el deseo de tener experiencias \u00edntimas puede desaparecer. La ansiedad y la falta de confianza en uno mismo en la cama provocan que los hombres sean incapaces de mantener una erecci\u00f3n. Generalmente son causados \u200b\u200bpor preocupaciones sobre el tama\u00f1o y una incapacidad previa para satisfacer a una pareja.<\/li>\n<li aria-level=\"1\"><b>No ha dormido lo suficiente. <\/b>El sexo requiere energ\u00eda, por lo que el vigor y la excitaci\u00f3n aumentan el deseo y tienen un efecto beneficioso sobre la libido. Una vez que tenga energ\u00eda nuevamente, su cuerpo solo le enviar\u00e1 se\u00f1ales de que quiere sexo.<\/li>\n<li aria-level=\"1\"><b>Edad. <\/b>Se cree que con la edad disminuye el nivel de hormonas masculinas y con ello el deseo de tener relaciones sexuales. Tambi\u00e9n existe un mayor riesgo de disfunci\u00f3n er\u00e9ctil. Esta es la incapacidad de llevar o mantener el pene en estado erecto el tiempo suficiente para lograr el placer mutuo. La insatisfacci\u00f3n de un ser querido se convierte en motivo de baja autoestima.<\/li>\n<\/ol>\n<h2><b>\u00a1Estilo de vida poco saludable y disfunci\u00f3n er\u00e9ctil!<\/b><\/h2>\n<p><img loading=\"lazy\" decoding=\"async\" class=\"aligncenter size-full wp-image-31\" src=\"http:\/\/remisesenargentina.com\/farmacia\/wp-content\/uploads\/2024\/07\/Hardex-5.jpg\" alt=\"Hardex como se usa el\" width=\"500\" height=\"349\" srcset=\"https:\/\/remisesenargentina.com\/farmacia\/wp-content\/uploads\/2024\/07\/Hardex-5.jpg 500w, https:\/\/remisesenargentina.com\/farmacia\/wp-content\/uploads\/2024\/07\/Hardex-5-300x209.jpg 300w\" sizes=\"(max-width: 500px) 100vw, 500px\" \/><\/p>\n<p>Fumar, una mala alimentaci\u00f3n y la falta de actividad f\u00edsica tambi\u00e9n pueden afectar negativamente al apetito sexual. Todos ellos est\u00e1n asociados con la liberaci\u00f3n de hormonas masculinas. Y la estabilidad de su nivel en el cuerpo es la clave de la libido masculina. Pero no s\u00f3lo eso: \u00a1esta hormona tambi\u00e9n es responsable del deseo sexual en las mujeres! Aunque la hormona femenina es el estr\u00f3geno, es el principal responsable de las caracter\u00edsticas sexuales externas del sexo d\u00e9bil. De esto dependen la tendencia a ganar peso en abdomen y cintura, el tama\u00f1o de los senos y la forma de los gl\u00fateos.<\/p>\n<p>Un gel que tiene un efecto positivo sobre el apetito y el bienestar \u00edntimos Hardex: obra del fabricante. La empresa considera la naturalidad del producto biocosm\u00e9tico como su principal ventaja. La composici\u00f3n incluye \u00fanicamente componentes org\u00e1nicos y bioextractos. Los clientes tambi\u00e9n brindan cr\u00edticas y comentarios positivos sobre los cambios registrados en su condici\u00f3n. Sus comentarios en foros en l\u00ednea no mencionan la presencia de efectos secundarios desagradables o contraindicaciones. Nuestro control se realiza en los foros, donde Hardex es muy popular y respalda el producto.<\/p>\n<h2><b>\u00bfQu\u00e9 tipo de gel Hardex? \u00bfA qui\u00e9n le interesa?<\/b><\/h2>\n<p>Hardex &#8211; gel para agrandar el pene y aumentar los niveles de libido masculina. Se compone de elementos naturales. Su fabricante cree que esta es la raz\u00f3n de la falta de se\u00f1ales sobre contraindicaciones. y reacciones secundarias desagradables. Los clientes no los mencionan en sus rese\u00f1as y rese\u00f1as.<\/p>\n<p>Cada uno de los ingredientes de Hardex trabaja para armonizar la circulaci\u00f3n sangu\u00ednea y dirigirla hacia la pelvis. Por lo tanto, los medios para lograr el mutuo Un mayor placer en el sexo ayuda a aumentar la sensibilidad, la autoestima y la sensibilidad del hombre.<\/p>\n<h2><b>Ventajas del gel Hardex para agrandar el pene sobre sus an\u00e1logos es bueno o malo<\/b><\/h2>\n<p>Hardex resultados reales puede contribuir a los siguientes cambios positivos en la experiencia \u00edntima:<\/p>\n<ol>\n<li aria-level=\"1\">Efecto positivo sobre los niveles de libido;<\/li>\n<li aria-level=\"1\">Preferencia por la duraci\u00f3n y el placer mutuo durante el acto de intimidad;<\/li>\n<li aria-level=\"1\">El deseo de varias experiencias apasionadas consecutivas sin datos sobre contraindicaciones secundarias;<\/li>\n<li aria-level=\"1\">Mejor control de la erecci\u00f3n y la eyaculaci\u00f3n;<\/li>\n<\/ol>\n<h2><b>\u00bfPor qu\u00e9 deber\u00edas elegir Hardex?<\/b><\/h2>\n<p><img loading=\"lazy\" decoding=\"async\" class=\"aligncenter size-full wp-image-29\" src=\"http:\/\/remisesenargentina.com\/farmacia\/wp-content\/uploads\/2024\/07\/Hardex-3.jpg\" alt=\"Hardex para que sirve\" width=\"500\" height=\"361\" srcset=\"https:\/\/remisesenargentina.com\/farmacia\/wp-content\/uploads\/2024\/07\/Hardex-3.jpg 500w, https:\/\/remisesenargentina.com\/farmacia\/wp-content\/uploads\/2024\/07\/Hardex-3-300x217.jpg 300w\" sizes=\"(max-width: 500px) 100vw, 500px\" \/><\/p>\n<p>Los comentarios de los clientes tambi\u00e9n se\u00f1alan los siguientes aspectos positivos del producto biocosm\u00e9tico, enfatizando notas de pasi\u00f3n y picante en las relaciones:<\/p>\n<ul>\n<li aria-level=\"1\">Precio asequible y pago pagado;<\/li>\n<li aria-level=\"1\">Pedido, entrega y embalaje discretos;<\/li>\n<li aria-level=\"1\">F\u00f3rmula natural con bioextractos.<\/li>\n<\/ul>\n<h2><b>Instrucciones para la correcta aplicaci\u00f3n del gel Hardex y como se aplica<\/b><\/h2>\n<p>Cada paquete contiene instrucciones ilustradas para usar el gel Hardex. Para poder experimentar el mayor \u00e9xtasis del contacto \u00edntimo y tambi\u00e9n entreg\u00e1rselo a su pareja, los usuarios deben utilizar el producto correctamente. Hardex como se usa el debe aplicarse de acuerdo con las instrucciones del fabricante.<\/p>\n<p>Aqu\u00ed est\u00e1n las instrucciones para usar Hardex:<\/p>\n<ol>\n<li aria-level=\"1\">El gel debe aplicarse hasta 2 veces al d\u00eda aproximadamente 20 a 30 minutos antes de las relaciones sexuales o la masturbaci\u00f3n.<\/li>\n<li aria-level=\"1\">Se aplica un poco de gel en la palma. Se aplica cuidadosa y cuidadosamente con la mano a lo largo de la extensi\u00f3n del pene masculino.<\/li>\n<li aria-level=\"1\">Utilice movimientos circulares de masaje, aplicando el gel en toda su longitud.<\/li>\n<li aria-level=\"1\">Despu\u00e9s de la aplicaci\u00f3n, no es necesario lavar el gel, no manchar\u00e1 la ropa ni las s\u00e1banas. La dosis Hardex necesaria para una aplicaci\u00f3n es del tama\u00f1o de un guisante.<\/li>\n<\/ol>\n<h2><b>F\u00f3rmula de f\u00e1rmaco Hardex<\/b><\/h2>\n<p>La f\u00f3rmula Hardex funciona contiene ingredientes naturales. Contienen extractos de plantas org\u00e1nicas como guaran\u00e1, ginseng y zarzaparrilla. Pueden tener efectos naturales en el cuerpo al proporcionar efectos antioxidantes y dilatar los vasos sangu\u00edneos. Sin embargo, el principal elemento activo del gel que tiene un efecto positivo sobre la libido es:<\/p>\n<ul>\n<li aria-level=\"1\"><b>La L-arginina<\/b> es un amino\u00e1cido que apoya numerosos procesos fisiol\u00f3gicos en el cuerpo humano. Promueve la circulaci\u00f3n sangu\u00ednea armoniosa, fortalece su \u00e1rea p\u00e9lvica y conduce a la dilataci\u00f3n de los vasos sangu\u00edneos en esta \u00e1rea. Adem\u00e1s, aumenta los niveles de energ\u00eda y promueve la s\u00edntesis de nutrientes en el cuerpo. Clave para una buena estructura y condici\u00f3n \u00f3sea. Aumenta el nivel de defensa inmune.<\/li>\n<li aria-level=\"1\"><b>La combinaci\u00f3n de L-arginina e ingredientes herbales naturales <\/b>ayuda a aumentar el placer mutuo y crea un ambiente favorable para el placer \u00edntimo mutuo.<\/li>\n<\/ul>\n<h2><b>\u00bfEfectos secundarios y contraindicaciones?<\/b><\/h2>\n<p>La f\u00f3rmula de este gel es segura y cuenta con certificado de calidad. Se ha comprobado que Hardex confiable no tiene contraindicaciones ni efectos secundarios negativos. El uso del gel no se ve afectado por la ingesta de alcohol.<\/p>\n<h2><b>Opiniones de clientes reales sobre el gel Hardex<\/b><\/h2>\n<p><img loading=\"lazy\" decoding=\"async\" class=\"aligncenter size-full wp-image-27\" src=\"http:\/\/remisesenargentina.com\/farmacia\/wp-content\/uploads\/2024\/07\/Hardex-1.jpg\" alt=\"Hardex precio\" width=\"500\" height=\"377\" srcset=\"https:\/\/remisesenargentina.com\/farmacia\/wp-content\/uploads\/2024\/07\/Hardex-1.jpg 500w, https:\/\/remisesenargentina.com\/farmacia\/wp-content\/uploads\/2024\/07\/Hardex-1-300x226.jpg 300w\" sizes=\"(max-width: 500px) 100vw, 500px\" \/><\/p>\n<p>Sabemos que muchos lectores quieren saber qu\u00e9 opiniones comparten quienes ya han utilizado este producto. Nuestro equipo tambi\u00e9n entra en esta categor\u00eda. Por eso miramos muchas rese\u00f1as sobre gel natural Hardex. Y la mayor\u00eda de ellos son positivos.<\/p>\n<p>&nbsp;<\/p>\n<blockquote><p><b>Fernando<\/b><\/p>\n<p>Antes de probar el gel Hardex, ten\u00eda dudas sobre el agrandamiento del pene. Ten\u00eda miedo de estafas, productos caros y productos que pudieran da\u00f1ar mi salud. \u00a1Pero el gel Hardex me demostr\u00f3 que estaba equivocado! Esta es una composici\u00f3n natural que funciona muy bien. No esperaba resultados tan r\u00e1pidos y un rendimiento de alta calidad. Es f\u00e1cil de usar y no se vende en farmacias, por lo que no tienes que preocuparte. \u00a1Muy recomendable!<\/p><\/blockquote>\n<p>&nbsp;<\/p>\n<blockquote><p><b>Demi\u00e1n<\/b><\/p>\n<p>Prob\u00e9 el gel Hardex farmacia del ahorro despu\u00e9s de escuchar buenas cr\u00edticas al respecto. El producto no hace promesas, \u00a1simplemente funciona! Despu\u00e9s de varias semanas de uso, not\u00e9 un aumento visible en el tama\u00f1o del pene y un mejor rendimiento. No irrit\u00f3 mi piel y no tuvo efectos secundarios. En general, estoy muy satisfecho con los resultados.<\/p><\/blockquote>\n<p>&nbsp;<\/p>\n<blockquote><p><b>Axel<\/b><\/p>\n<p>Debo decir que el gel walmart Hardex es un excelente producto para agrandar el pene. No necesita una cirug\u00eda costosa y no es una estafa. Mi vida sexual ha cambiado completamente para mejor. He estado usando este producto durante muchas semanas y ha marcado una gran diferencia. \u00a1Vale la pena! Muy recomendable.<\/p><\/blockquote>\n<h2><b>\u00bfCon qu\u00e9 quedaron satisfechos los clientes?<\/b><\/h2>\n<p>Los compradores dicen que est\u00e1n satisfechos con lo siguiente:<\/p>\n<ol>\n<li aria-level=\"1\">Ayuda a aumentar la libido m\u00e1s f\u00e1cilmente;<\/li>\n<li aria-level=\"1\">Mejor rendimiento en la cama;<\/li>\n<li aria-level=\"1\">Socios felices despu\u00e9s de experiencias \u00edntimas;<\/li>\n<li aria-level=\"1\">Origen natural de los ingredientes.<\/li>\n<\/ol>\n<h2><b>\u00bfCu\u00e1nto cuesta Hardex, hay descuentos y d\u00f3nde comprar?<\/b><\/h2>\n<p>Es en los comentarios y rese\u00f1as de los clientes donde podemos saber qu\u00e9 piensan los clientes sobre el precio del gel Hardex. Todo hombre merece sentirse bien y disfrutar de su vida \u00edntima. Por este motivo, el fabricante del producto tambi\u00e9n quiere que el precio farmacia del ahorro sea bueno. Quieren que todos los miembros del sexo m\u00e1s fuerte sientan lo mismo.<\/p>\n<p>El gel natural Hardex donde lo puedo conseguir no est\u00e1 disponible en farmacias ni en las principales tiendas online. Por otro lado, su fabricante puede mantener el precio farmacia similares del coro oh nivel. Esto se debe a la falta de revendedores que puedan controlar el rango de precios. El precio de donde lo venden Hardex lo mantiene el fabricante al mismo nivel, y adem\u00e1s de esto, tambi\u00e9n tiene muchas promociones y ofertas. Para ver los actuales, los compradores s\u00f3lo necesitan abrir el sitio web oficial del gel natural para aumentar la libido masculina Hardex.<\/p>\n<h2><b>\u00bfC\u00f3mo puedo comprar Hardex?<\/b><\/h2>\n<p><img loading=\"lazy\" decoding=\"async\" class=\"aligncenter size-full wp-image-28\" src=\"http:\/\/remisesenargentina.com\/farmacia\/wp-content\/uploads\/2024\/07\/Hardex-2.jpg\" alt=\"Hardex donde lo venden\" width=\"500\" height=\"374\" srcset=\"https:\/\/remisesenargentina.com\/farmacia\/wp-content\/uploads\/2024\/07\/Hardex-2.jpg 500w, https:\/\/remisesenargentina.com\/farmacia\/wp-content\/uploads\/2024\/07\/Hardex-2-300x224.jpg 300w\" sizes=\"(max-width: 500px) 100vw, 500px\" \/><\/p>\n<p>Hardex se puede solicitar a trav\u00e9s del sitio web oficial. No est\u00e1 disponible en farmacias, puntos de venta ni grandes tiendas online. El fabricante quiere tener una relaci\u00f3n directa con los compradores del gel y por eso lo vende exclusivamente de forma directa.<\/p>\n<p>Los clientes deben completar una f\u00f3rmula num\u00e9rica con sus datos: nombre y n\u00famero de tel\u00e9fono. El distribuidor se pondr\u00e1 en contacto con ellos para aclarar los detalles del pedido y entrega del gel Hardex. Los usuarios pueden confiar en la confidencialidad y el anonimato de sus datos personales. Lo mismo ocurre con el embalaje y la entrega. Forma de pago: contra reembolso.<\/p>\n<h2><b>\u00a1Vive una vida saludable y disfruta de la mejor experiencia en la cama!<\/b><\/h2>\n<p>Un estilo de vida activo y la comunicaci\u00f3n con una pareja pueden generar aventuras y pasiones apasionantes en el dormitorio. Es bueno optar por productos naturales y minimizar el consumo de alcohol y cigarrillos. Debido a esto, incrementaremos nuestros paseos y actividades en nuestros deportes favoritos. Las conversaciones y la comunicaci\u00f3n con nuestra pareja son importantes. Nuestras visiones, aspiraciones y deseos pueden incluso coincidir, pero simplemente no lo sabemos. \u00a1As\u00ed estaremos en plena forma tanto dentro como fuera de la cama!<\/p>\n<p>El gel para un efecto positivo sobre la libido Hardex tiene una f\u00f3rmula natural. Contiene extractos de plantas y L-arginina. Su efecto se define como mejor que el de otros productos para el placer \u00edntimo mutuo.<\/p>\n","protected":false},"excerpt":{"rendered":"<p>Hardex es un gel que tiene un efecto beneficioso sobre el nivel de la libido masculina. Est\u00e1 disponible en forma de gel para uso t\u00f3pico y contiene ingredientes naturales.<\/p>\n","protected":false},"featured_media":26,"comment_status":"open","ping_status":"closed","template":"","meta":[],"product_cat":[15],"product_tag":[],"_links":{"self":[{"href":"https:\/\/remisesenargentina.com\/farmacia\/index.php?rest_route=\/wp\/v2\/product\/46"}],"collection":[{"href":"https:\/\/remisesenargentina.com\/farmacia\/index.php?rest_route=\/wp\/v2\/product"}],"about":[{"href":"https:\/\/remisesenargentina.com\/farmacia\/index.php?rest_route=\/wp\/v2\/types\/product"}],"replies":[{"embeddable":true,"href":"https:\/\/remisesenargentina.com\/farmacia\/index.php?rest_route=%2Fwp%2Fv2%2Fcomments&post=46"}],"wp:featuredmedia":[{"embeddable":true,"href":"https:\/\/remisesenargentina.com\/farmacia\/index.php?rest_route=\/wp\/v2\/media\/26"}],"wp:attachment":[{"href":"https:\/\/remisesenargentina.com\/farmacia\/index.php?rest_route=%2Fwp%2Fv2%2Fmedia&parent=46"}],"wp:term":[{"taxonomy":"product_cat","embeddable":true,"href":"https:\/\/remisesenargentina.com\/farmacia\/index.php?rest_route=%2Fwp%2Fv2%2Fproduct_cat&post=46"},{"taxonomy":"product_tag","embeddable":true,"href":"https:\/\/remisesenargentina.com\/farmacia\/index.php?rest_route=%2Fwp%2Fv2%2Fproduct_tag&post=46"}],"curies":[{"name":"wp","href":"https:\/\/api.w.org\/{rel}","templated":true}]}}