{"id":45,"date":"2024-07-26T13:50:36","date_gmt":"2024-07-26T11:50:36","guid":{"rendered":"http:\/\/remisesenargentina.com\/farmacia\/?post_type=product&#038;p=45"},"modified":"2024-07-26T13:50:36","modified_gmt":"2024-07-26T11:50:36","slug":"the-head","status":"publish","type":"product","link":"http:\/\/remisesenargentina.com\/farmacia\/the-head","title":{"rendered":"The Head"},"content":{"rendered":"<table>\n<tbody>\n<tr>\n<td>Sitio web<\/td>\n<td>TheHead.es<\/td>\n<\/tr>\n<tr>\n<td>Acci\u00f3n<\/td>\n<td>\u2714 Minimizar la ca\u00edda del cabello acortando la fase tel\u00f3gena;<br \/>\n\u2714 Nutre el cuero cabelludo y estimula el crecimiento durante la fase de crecimiento;<br \/>\n\u2714 Fortalecer los fol\u00edculos, para una ca\u00edda del cabello m\u00e1s grave.<\/td>\n<\/tr>\n<tr>\n<td>Componentes<\/td>\n<td>\u2714 Escutelaria del Baikal, soja y trigo;<br \/>\n\u2714 Biotina;<br \/>\n\u2714 Espino amarillo;<br \/>\n\u2714 Camelia.<\/td>\n<\/tr>\n<tr>\n<td>Instrucciones de uso<\/td>\n<td>\u2714 Roc\u00ede suavemente la loci\u00f3n;<br \/>\n\u2714 Frote suavemente con movimientos ligeros hasta que el producto se absorba completamente en el cuero cabelludo;<br \/>\n\u2714 Dejar actuar varias horas sin aclarar para consolidar el efecto de la loci\u00f3n.<\/td>\n<\/tr>\n<tr>\n<td>Volumen<\/td>\n<td>125 ml<\/td>\n<\/tr>\n<tr>\n<td>Precio<\/td>\n<td>\ud83d\uded1 790 MXN<\/td>\n<\/tr>\n<tr>\n<td>Entrega<\/td>\n<td>4 d\u00edas<\/td>\n<\/tr>\n<\/tbody>\n<\/table>\n<h2><b>Cabello sedoso, suave y sano: todo esto es posible con loci\u00f3n The Head<\/b><\/h2>\n<p><img loading=\"lazy\" decoding=\"async\" class=\"aligncenter size-full wp-image-43\" src=\"http:\/\/remisesenargentina.com\/farmacia\/wp-content\/uploads\/2024\/07\/The-Head-10.jpg\" alt=\"The Head para que sirve\" width=\"500\" height=\"359\" srcset=\"https:\/\/remisesenargentina.com\/farmacia\/wp-content\/uploads\/2024\/07\/The-Head-10.jpg 500w, https:\/\/remisesenargentina.com\/farmacia\/wp-content\/uploads\/2024\/07\/The-Head-10-300x215.jpg 300w\" sizes=\"(max-width: 500px) 100vw, 500px\" \/><\/p>\n<p>The Head es una loci\u00f3n para el cuidado del cabello que poco a poco est\u00e1 cambiando el rostro de la industria por sus cualidades y propiedades. Se trata de un producto completamente natural que deja el cabello elegante, brillante, grueso y voluminoso. Su secreto reside en su composici\u00f3n, cuidadosamente seleccionada y desarrollada por expertos en el cuidado del cabello.<\/p>\n<p>El cabello es una de nuestras caracter\u00edsticas m\u00e1s notables. Esto es motivo de orgullo para algunos y de ansiedad para otros. No importa si se rompe, o sobresale constantemente, o si tus puntas siempre florecen. Un inconveniente es un inconveniente.<\/p>\n<h2><b>Causas de la ca\u00edda repentina del cabello<\/b><\/h2>\n<p>Normalmente, el n\u00famero de cabellos que perdemos diariamente es de 60 a 120 mechones. Cuando se altera el ciclo de vida de los fol\u00edculos, estos n\u00fameros aumentan. No tomar las medidas necesarias puede provocar una calvicie parcial o total. Para elegir un tratamiento eficaz para la calvicie, es necesario identificar las verdaderas causas de la ca\u00edda del cabello.<\/p>\n<h3>Influencias qu\u00edmicas<\/h3>\n<p>Las alteraciones en el desarrollo de los fol\u00edculos pilosos pueden deberse a influencias ambientales negativas, incluido. contaminaci\u00f3n del aire, aumento de la radiaci\u00f3n ambiental, etc. Una situaci\u00f3n de ca\u00edda repentina del cabello en hombres y mujeres puede ser provocada por la toma de antibi\u00f3ticos, f\u00e1rmacos hormonales, antidepresivos, esteroides, etc.<\/p>\n<h3>Impacto del estr\u00e9s<\/h3>\n<p>Una mayor cantidad de emociones negativas no s\u00f3lo destruye el estado psicol\u00f3gico y mental de una persona, sino que tambi\u00e9n da\u00f1a su salud f\u00edsica. El estr\u00e9s constante provoca vasoconstricci\u00f3n, lo que conduce a un prolapso cr\u00f3nico. Las consecuencias negativas de la exposici\u00f3n a emociones negativas tambi\u00e9n incluyen canas prematuras, deterioro de la tez y envejecimiento prematuro de la piel.<\/p>\n<h3>Desequilibrios hormonales<\/h3>\n<p>La ca\u00edda del cabello en las ni\u00f1as puede deberse al embarazo o la menopausia. En cada uno de estos casos, la causa de la alopecia es un exceso de la hormona masculina testosterona. Con una predisposici\u00f3n hereditaria, tambi\u00e9n puede haber una acumulaci\u00f3n de dihidrotestosterona en la capa superior del cuero cabelludo, lo que provoca una mayor ca\u00edda del cabello. La adolescencia y los cambios hormonales tambi\u00e9n pueden provocar la ca\u00edda del cabello en hombres y mujeres.<\/p>\n<h3>Mala calidad del agua del grifo.<\/h3>\n<p>La mayor dureza del agua del grifo y la presencia de impurezas nocivas en su composici\u00f3n afectan negativamente la integridad de la estructura del cabello y la piel. Las ra\u00edces del cabello debilitadas, incapaces de permanecer en la superficie, comienzan a caerse.<\/p>\n<p>Los factores de riesgo adicionales son la presencia de enfermedades como neumon\u00eda, diabetes, agrandamiento de las gl\u00e1ndulas suprarrenales, etc.<\/p>\n<h2><b>\u00bfQu\u00e9 es la loci\u00f3n The Head es bueno o malo?<\/b><\/h2>\n<p><img loading=\"lazy\" decoding=\"async\" class=\"aligncenter size-full wp-image-42\" src=\"http:\/\/remisesenargentina.com\/farmacia\/wp-content\/uploads\/2024\/07\/The-Head-9.jpg\" alt=\"The Head donde lo venden\" width=\"500\" height=\"360\" srcset=\"https:\/\/remisesenargentina.com\/farmacia\/wp-content\/uploads\/2024\/07\/The-Head-9.jpg 500w, https:\/\/remisesenargentina.com\/farmacia\/wp-content\/uploads\/2024\/07\/The-Head-9-300x216.jpg 300w\" sizes=\"(max-width: 500px) 100vw, 500px\" \/><\/p>\n<p>\u00bfPara que sirve\u00a0 es The Head y por qu\u00e9 lo necesitamos? Diversos factores da\u00f1an nuestro cabello y lo convierten en un reflejo sin vida de nuestros problemas. Algunas de las razones de la destrucci\u00f3n de su especie y la p\u00e9rdida de sus cualidades naturales est\u00e1n bajo nuestro control, otras no.<\/p>\n<p>The Head es un producto cosm\u00e9tico innovador para personas que:<\/p>\n<ol>\n<li aria-level=\"1\">Las personas sufren p\u00e9rdida de cabello como resultado de factores de estr\u00e9s; la ca\u00edda del cabello reactiva y traum\u00e1tica es el resultado de diferentes factores. La ca\u00edda reactiva del cabello se produce como respuesta a diversos acontecimientos que pueden provocar tensi\u00f3n mental y estr\u00e9s, durante el embarazo, cuando se altera el equilibrio hormonal o cuando exponemos nuestro cabello a temperaturas extremas.<\/li>\n<li aria-level=\"1\">Sufren p\u00e9rdida de cabello como resultado de problemas de salud: una mala alimentaci\u00f3n, trastornos alimentarios y malos h\u00e1bitos alimentarios provocan la alteraci\u00f3n de las funciones normales del cuerpo debido a la presencia de sustancias nocivas o la ausencia de sustancias importantes. La ca\u00edda del cabello tambi\u00e9n puede ser causada por enfermedades endocrinas, as\u00ed como por la toma de diversos medicamentos para tratar otra enfermedad.<\/li>\n<\/ol>\n<p>Hair Lotion The Head resultados reales es un producto excelente en el mercado, disponible recientemente a un precio razonable, que brinda cuidado y protecci\u00f3n al cabello en este tipo de situaciones. Adem\u00e1s, puedes usarlo de forma preventiva o si tu cabello est\u00e1 opaco, fino y propenso a romperse.<\/p>\n<h2><b>Composici\u00f3n y componentes principales de la f\u00f3rmula de la loci\u00f3n The Head<\/b><\/h2>\n<p>Loci\u00f3n para un cabello sano y exuberante The Head es un complejo de 30 bioingredientes que tienen un efecto beneficioso sobre el estado del cabello, su fuerza, la resistencia de las ra\u00edces y el buen estado del cuero cabelludo. La f\u00f3rmula innovadora y patentada combina lo mejor del mundo de la cosm\u00e9tica y el cuidado del cabello.<\/p>\n<p>Echemos un vistazo a algunos de los ingredientes esenciales que pueden devolverle la vida a tu cabello y restaurar tu confianza en ti mismo:<\/p>\n<ol>\n<li aria-level=\"1\"><b>Escutelaria de Baikal, soja y trigo:<\/b> el secreto de esta poderosa f\u00f3rmula The Head reside precisamente en la combinaci\u00f3n de estos tres elementos. Su acci\u00f3n combinada restaura las ra\u00edces del cabello y prolonga la fase de crecimiento del cabello, al tiempo que reduce el proceso de ca\u00edda del cabello. Esto ayuda a que el cabello se regenere m\u00e1s r\u00e1pido, crezca m\u00e1s y elimine los problemas de ca\u00edda del cabello.<\/li>\n<li aria-level=\"1\"><b>Biotina:<\/b> extracto de diversas frutas y verduras como coliflor, tomates y patatas, la biotina pertenece al grupo de vitaminas B. Su funci\u00f3n principal es la nutrici\u00f3n. cuero cabelludo, cuida la fuerza del cuero cabelludo y su frescura.<\/li>\n<li aria-level=\"1\"><b>Espino amarillo<\/b>: el aceite esencial de espino amarillo infunde al cuero cabelludo nutrientes muy necesarios que lo calman, alivian la irritaci\u00f3n y lo mantienen en buenas condiciones.<\/li>\n<li aria-level=\"1\"><b>Camelia: <\/b>el extracto de flor de camelia tiene la capacidad de devolver la luminosidad al rostro cansado. cabello y hacerlo suave. Ayudan a reducir la rotura y la floraci\u00f3n.<\/li>\n<\/ol>\n<p>Las sustancias contenidas en estos ingredientes vegetales tienen un efecto beneficioso sobre la regeneraci\u00f3n de las ra\u00edces del cabello y tambi\u00e9n prolongan la fase de crecimiento. En pocas palabras, esto significa que el cabello podr\u00e1 recuperar una nueva vida, estar\u00e1 perfectamente nutrido y se volver\u00e1 grueso y saludable.<\/p>\n<h2><b>\u00bfQu\u00e9 resultados debo esperar al aplicar la loci\u00f3n The Head?<\/b><\/h2>\n<p><img loading=\"lazy\" decoding=\"async\" class=\"aligncenter size-full wp-image-41\" src=\"http:\/\/remisesenargentina.com\/farmacia\/wp-content\/uploads\/2024\/07\/The-Head-8.jpg\" alt=\"The Head precio\" width=\"500\" height=\"298\" srcset=\"https:\/\/remisesenargentina.com\/farmacia\/wp-content\/uploads\/2024\/07\/The-Head-8.jpg 500w, https:\/\/remisesenargentina.com\/farmacia\/wp-content\/uploads\/2024\/07\/The-Head-8-300x179.jpg 300w\" sizes=\"(max-width: 500px) 100vw, 500px\" \/><\/p>\n<p>La loci\u00f3n The Head funciona se fabrica de acuerdo con los principales requisitos y buenas pr\u00e1cticas de fabricaci\u00f3n en la industria del cuidado del cabello. Tiene un efecto complejo que afecta no solo a los fol\u00edculos de la ra\u00edz, sino tambi\u00e9n al cabello en toda su longitud.<\/p>\n<p>La f\u00f3rmula natural y cuidadosamente desarrollada de la loci\u00f3n capilar aporta suavidad y brillo natural al cabello hasta ahora sin vida y agotado. A los efectos esperados se puede sumar:<\/p>\n<ol>\n<li aria-level=\"1\">Minimizar la ca\u00edda del cabello acortando la fase tel\u00f3gena;<\/li>\n<li aria-level=\"1\">Nutre el cuero cabelludo y estimula el crecimiento durante la fase de crecimiento;<\/li>\n<li aria-level=\"1\">Fortalecer los fol\u00edculos, para una ca\u00edda del cabello m\u00e1s grave;<\/li>\n<li aria-level=\"1\">Mejora de las caracter\u00edsticas del cabello: fuerza, suavidad, volumen, brillo.<\/li>\n<\/ol>\n<p>El cabello se fortalece y gana elasticidad, lo que evita la rotura. Olv\u00eddate de las puntas abiertas, los colores y los enredos. Con The Head disfrutar\u00e1s de un cabello suave y una melena de le\u00f3n de la que estar orgulloso.<\/p>\n<h2><b>\u00bfC\u00f3mo aplicar correctamente la loci\u00f3n The Head en tu cabeza y c\u00f3mo se aplica?<\/b><\/h2>\n<p>Un buen producto tiene varios elementos b\u00e1sicos: facilidad de uso, acci\u00f3n r\u00e1pida y resultados duraderos. The Head confiable cuenta con los tres. Cl\u00ednicamente probada, como se usa el la loci\u00f3n no requiere nada especial de su parte para lograr su efecto. Sentir\u00e1s la diferencia despu\u00e9s de los primeros tres usos y el efecto durar\u00e1 mucho tiempo.<\/p>\n<p>Para estimular la fase de crecimiento del cabello, siga las instrucciones de uso de la loci\u00f3n. S\u00f3lo as\u00ed conseguir\u00e1s los resultados deseados y podr\u00e1s disfrutar de un aspecto completamente nuevo para tu cabello:<\/p>\n<ol>\n<li aria-level=\"1\">Primero, roc\u00ede suavemente la loci\u00f3n; Se recomienda ser sobre el cabello lavado, ya que el cabello y el cuero cabelludo limpios absorben m\u00e1s f\u00e1cilmente las sustancias, la suciedad crea una pel\u00edcula que impide que la loci\u00f3n se absorba por completo;<\/li>\n<li aria-level=\"1\">En segundo lugar, frota suavemente con movimientos ligeros hasta que el producto se absorba completamente en el cuero cabelludo; S\u00f3lo as\u00ed se puede garantizar la absorci\u00f3n completa de la loci\u00f3n y la penetraci\u00f3n de nutrientes importantes.<\/li>\n<li aria-level=\"1\">En tercer lugar, d\u00e9jalo actuar varias horas sin aclarar para consolidar el efecto de la loci\u00f3n.<\/li>\n<\/ol>\n<p>El procedimiento debe repetirse no m\u00e1s de tres veces por semana para lograr los resultados deseados. Notar\u00e1s diferencias despu\u00e9s de la primera semana, pero har\u00e1 falta perseverancia para lograr efectos a largo plazo.<\/p>\n<h2><b>\u00bfQu\u00e9 opiniones sobre el producto The Head compartieron los clientes en los foros?<\/b><\/h2>\n<p><img loading=\"lazy\" decoding=\"async\" class=\"aligncenter size-full wp-image-39\" src=\"http:\/\/remisesenargentina.com\/farmacia\/wp-content\/uploads\/2024\/07\/The-Head-6.jpg\" alt=\"The Head donde comprar\" width=\"500\" height=\"384\" srcset=\"https:\/\/remisesenargentina.com\/farmacia\/wp-content\/uploads\/2024\/07\/The-Head-6.jpg 500w, https:\/\/remisesenargentina.com\/farmacia\/wp-content\/uploads\/2024\/07\/The-Head-6-300x230.jpg 300w\" sizes=\"(max-width: 500px) 100vw, 500px\" \/><\/p>\n<p>Una revisi\u00f3n r\u00e1pida de los foros revela un mont\u00f3n de The Head opiniones y rese\u00f1as. Todas estas revisiones se dejan en forma de comentarios de aprobaci\u00f3n. Como puede ver, la f\u00f3rmula es muy popular tanto entre hombres como entre mujeres. Las fotos que muestran el estado antes y despu\u00e9s de usar la loci\u00f3n est\u00e1n disponibles gratuitamente en las rese\u00f1as de los usuarios The Head. Nadie mencion\u00f3 ning\u00fan efecto secundario negativo ni quejas sobre los resultados.<\/p>\n<p>&nbsp;<\/p>\n<blockquote><p><b>Alexa<\/b><\/p>\n<p>Comenc\u00e9 a perder el cabello debido al estr\u00e9s y buscaba desesperadamente una soluci\u00f3n que funcionara. Fue entonces cuando escuch\u00e9 sobre la loci\u00f3n The Head. Despu\u00e9s de varias semanas de tratamiento, me sorprendieron los resultados. El cabello dej\u00f3 de caerse y todas las zonas calvas se llenaron de cabello nuevo. Lo mejor es que es natural y f\u00e1cil de aplicar. \u00a1Estoy muy agradecida de haber encontrado la loci\u00f3n The Head farmacia del ahorro y la recomendar\u00e9 a todos!<\/p><\/blockquote>\n<p>&nbsp;<\/p>\n<blockquote><p><b>Sa\u00fal<\/b><\/p>\n<p>He estado usando la loci\u00f3n The Head donde lo puedo conseguir durante varias semanas y ya estoy viendo excelentes resultados. Mi cabello no se cae tanto como antes y parece estar volviendo a crecer. Tambi\u00e9n lo uso en mi barba y definitivamente puedo ver una diferencia: mi barba no se ve tan irregular como antes. Estoy muy contento de haber encontrado un producto natural que funciona y lo recomiendo ampliamente.<\/p><\/blockquote>\n<p>&nbsp;<\/p>\n<blockquote><p><b>Mitzel<\/b><\/p>\n<p>Estaba buscando algo que me ayudara con la ca\u00edda del cabello y encontr\u00e9 la loci\u00f3n walmart The Head. Despu\u00e9s de varias semanas de uso, puedo decir que esto no es una estafa: \u00a1realmente funciona! Mi cabello dej\u00f3 de caerse y las zonas calvas comenzaron a llenarse con cabello nuevo. Estoy muy agradecida de haber encontrado finalmente un producto que no cuesta una fortuna y no se vende en la farmacia. Definitivamente lo recomendar\u00eda a cualquiera que sufra p\u00e9rdida de cabello.<\/p><\/blockquote>\n<h2><b>\u00bfCu\u00e1l es el precio The Head y d\u00f3nde comprar?<\/b><\/h2>\n<p>Puedes disfrutar de un 50% de descuento si solicitas el paquete The Head desde el sitio web oficial del producto. Aseg\u00farese de hacer esto; de lo contrario, corre el riesgo de caer en productos falsos e ineficaces. De hecho, ha habido varios informes de estafas farmac\u00e9uticas donde lo venden The Head. El producto de imitaci\u00f3n del cabello de la farmacia se parec\u00eda mucho al producto original.<\/p>\n<p>El pedido se entrega en unos pocos d\u00edas h\u00e1biles en la direcci\u00f3n que proporcionaste. Gracias al descuento, podr\u00e1s adquirir una botella de 80 ml por un precio farmacia similar.<\/p>\n<p>The Head se puede comprar de forma segura en el sitio web oficial del fabricante. Pedir un producto es f\u00e1cil. Simplemente ingrese su nombre, apellido y n\u00famero de tel\u00e9fono en el formulario de pedido en el sitio web.<\/p>\n<p>Representante oficial The Head. Una vez enviado, ser\u00e1s inmediatamente conectado con el equipo de atenci\u00f3n al cliente, donde podr\u00e1s plantear dudas o dudas sobre el champ\u00fa y su composici\u00f3n, y quienes te enviar\u00e1n The Head precio farmacia del ahorro directamente a tu domicilio.<\/p>\n<p>No ser\u00e1 necesario realizar ning\u00fan pago por adelantado por el tratamiento, deber\u00e1 abonarse directamente al mensajero en el momento de la entrega.<\/p>\n<h2><b>Un cabello hermoso tiene un nuevo aliado<\/b><\/h2>\n<p><img loading=\"lazy\" decoding=\"async\" class=\"aligncenter size-full wp-image-40\" src=\"http:\/\/remisesenargentina.com\/farmacia\/wp-content\/uploads\/2024\/07\/The-Head-7.jpg\" alt=\"The Head precio farmacia similares\" width=\"500\" height=\"349\" srcset=\"https:\/\/remisesenargentina.com\/farmacia\/wp-content\/uploads\/2024\/07\/The-Head-7.jpg 500w, https:\/\/remisesenargentina.com\/farmacia\/wp-content\/uploads\/2024\/07\/The-Head-7-300x209.jpg 300w\" sizes=\"(max-width: 500px) 100vw, 500px\" \/><\/p>\n<p>Un cabello vibrante y saludable es un accesorio natural e impresionante con el que sue\u00f1a toda mujer. Ahora puedes conseguirlo de una forma completamente natural gracias a una loci\u00f3n con f\u00f3rmula patentada donde comprar The Head. \u00a1Sus ingredientes activos \u00fanicos dar\u00e1n nueva vida a tu cabello y te dar\u00e1n el volumen que s\u00f3lo has so\u00f1ado!<\/p>\n","protected":false},"excerpt":{"rendered":"<p>The Head es una loci\u00f3n para el cuidado del cabello que poco a poco est\u00e1 cambiando el rostro de la industria por sus cualidades y propiedades. Se trata de un producto completamente natural que deja el cabello elegante, brillante, grueso y voluminoso.<\/p>\n","protected":false},"featured_media":38,"comment_status":"open","ping_status":"closed","template":"","meta":[],"product_cat":[15],"product_tag":[],"_links":{"self":[{"href":"https:\/\/remisesenargentina.com\/farmacia\/index.php?rest_route=\/wp\/v2\/product\/45"}],"collection":[{"href":"https:\/\/remisesenargentina.com\/farmacia\/index.php?rest_route=\/wp\/v2\/product"}],"about":[{"href":"https:\/\/remisesenargentina.com\/farmacia\/index.php?rest_route=\/wp\/v2\/types\/product"}],"replies":[{"embeddable":true,"href":"https:\/\/remisesenargentina.com\/farmacia\/index.php?rest_route=%2Fwp%2Fv2%2Fcomments&post=45"}],"wp:featuredmedia":[{"embeddable":true,"href":"https:\/\/remisesenargentina.com\/farmacia\/index.php?rest_route=\/wp\/v2\/media\/38"}],"wp:attachment":[{"href":"https:\/\/remisesenargentina.com\/farmacia\/index.php?rest_route=%2Fwp%2Fv2%2Fmedia&parent=45"}],"wp:term":[{"taxonomy":"product_cat","embeddable":true,"href":"https:\/\/remisesenargentina.com\/farmacia\/index.php?rest_route=%2Fwp%2Fv2%2Fproduct_cat&post=45"},{"taxonomy":"product_tag","embeddable":true,"href":"https:\/\/remisesenargentina.com\/farmacia\/index.php?rest_route=%2Fwp%2Fv2%2Fproduct_tag&post=45"}],"curies":[{"name":"wp","href":"https:\/\/api.w.org\/{rel}","templated":true}]}}